{"id":1754,"date":"2025-09-06T16:41:04","date_gmt":"2025-09-06T16:41:04","guid":{"rendered":"https:\/\/contextopublico.cl\/inicio\/?page_id=1754"},"modified":"2025-09-08T14:58:30","modified_gmt":"2025-09-08T14:58:30","slug":"1754-2","status":"publish","type":"page","link":"https:\/\/contextopublico.cl\/inicio\/","title":{"rendered":""},"content":{"rendered":"\n<div class=\"wp-block-uagb-image aligncenter uagb-block-7d769d55 wp-block-uagb-image--layout-default wp-block-uagb-image--effect-static wp-block-uagb-image--align-center\"><figure class=\"wp-block-uagb-image__figure\"><img decoding=\"async\" srcset=\"https:\/\/contextopublico.cl\/inicio\/wp-content\/uploads\/2025\/09\/LOGO-WEB-1-1-1024x615.png ,https:\/\/contextopublico.cl\/inicio\/wp-content\/uploads\/2025\/09\/LOGO-WEB-1-1.png 780w, https:\/\/contextopublico.cl\/inicio\/wp-content\/uploads\/2025\/09\/LOGO-WEB-1-1.png 360w\" sizes=\"auto, (max-width: 480px) 150px\" src=\"https:\/\/contextopublico.cl\/inicio\/wp-content\/uploads\/2025\/09\/LOGO-WEB-1-1-1024x615.png\" alt=\"\" class=\"uag-image-1765\" width=\"1024\" height=\"615\" title=\"LOGO WEB (1)\" loading=\"lazy\" role=\"img\"\/><\/figure><\/div>\n\n\n\n<p class=\"has-text-align-left\" style=\"border-style:none;border-width:0px;margin-top:0;margin-right:0px;margin-bottom:0;margin-left:0px\">Ac\u00e1, en Contexto P\u00fablico no hacemos consultor\u00eda en serie ni entregamos recetas gen\u00e9ricas. Nuestro trabajo es interpretar lo que ocurre bajo la superficie: c\u00f3mo se mueven los actores, qu\u00e9 tensiones sociales pueden escalar, a cu\u00e1les variables tomar atenci\u00f3n, y de qu\u00e9 manera esos cambios impactan en tus decisiones. El entorno ya no es estable ni predecible. Lo que ayer parec\u00eda seguro, hoy se cuestiona. Y en ese terreno fr\u00e1gil, una mala lectura puede costar reputaci\u00f3n, tiempo, o inversi\u00f3n. Ah\u00ed es donde entramos: transformamos la complejidad en claridad y los riesgos en rutas de acci\u00f3n. <br>Creemos que lo p\u00fablico siempre repercute en lo privado. Una narrativa mal gestionada puede arrastrar a una organizaci\u00f3n; una estrategia bien dise\u00f1ada puede blindarla y proyectarla con fuerza. Por eso combinamos una visi\u00f3n internacional de lo que ocurre, con un an\u00e1lisis, y una mirada pr\u00e1ctica. No son promesas, sino lecturas que habilitan decisiones m\u00e1s s\u00f3lidas y con visi\u00f3n de futuro.<br>Acompa\u00f1amos a quienes entienden que no basta con reaccionar: hay que anticipar, influir y posicionarse. Y lo hacemos con un sello claro: independencia, profundidad y foco en resultados.<br>No ofrecemos respuestas gen\u00e9ricas: construimos con cada cliente una lectura estrat\u00e9gica del entorno que le permita actuar con m\u00e1s claridad, prevenir riesgos y aprovechar oportunidades.<br>\u00bfQuieres saber m\u00e1s? <a href=\"mailto:info@contextopublico.cl\">info@contextopublico.cl<\/a><\/p>\n\n\n\n<div class=\"wp-block-uagb-container uagb-block-a7040366 alignfull uagb-is-root-container\">\n<div class=\"wp-block-uagb-container uagb-block-d62fe778\"><\/div>\n\n\n\n<div class=\"wp-block-uagb-container uagb-block-a453c8ee\">\n<div class=\"wp-block-columns is-layout-flex wp-container-core-columns-is-layout-28f84493 wp-block-columns-is-layout-flex\">\n<div class=\"wp-block-column is-layout-flow wp-block-column-is-layout-flow\">\n<div class=\"wp-block-uagb-image aligncenter uagb-block-f93fa343 wp-block-uagb-image--layout-default wp-block-uagb-image--effect-static wp-block-uagb-image--align-center\"><figure class=\"wp-block-uagb-image__figure\"><a class=\"\" href=\"https:\/\/www.linkedin.com\/company\/contexto-p%C3%BAblico\" target=\"\" rel=\"noopener\"><img decoding=\"async\" srcset=\"https:\/\/contextopublico.cl\/inicio\/wp-content\/uploads\/2025\/09\/LINKDN.png ,https:\/\/contextopublico.cl\/inicio\/wp-content\/uploads\/2025\/09\/LINKDN.png 780w, https:\/\/contextopublico.cl\/inicio\/wp-content\/uploads\/2025\/09\/LINKDN.png 360w\" sizes=\"auto, (max-width: 480px) 150px\" src=\"https:\/\/contextopublico.cl\/inicio\/wp-content\/uploads\/2025\/09\/LINKDN.png\" alt=\"\" class=\"uag-image-1780\" width=\"139\" height=\"139\" title=\"LINKDN\" loading=\"lazy\" role=\"img\"\/><\/a><\/figure><\/div>\n<\/div>\n\n\n\n<div class=\"wp-block-column is-layout-flow wp-block-column-is-layout-flow\">\n<div class=\"wp-block-uagb-image uagb-block-68b67a79 wp-block-uagb-image--layout-default wp-block-uagb-image--effect-static wp-block-uagb-image--align-none\"><figure class=\"wp-block-uagb-image__figure\"><a class=\"\" href=\"mailto:info@contextopublico.cl\" target=\"\" rel=\"noopener\"><img decoding=\"async\" srcset=\"https:\/\/contextopublico.cl\/inicio\/wp-content\/uploads\/2025\/09\/CORREO-ELECTRONICO-1.png ,https:\/\/contextopublico.cl\/inicio\/wp-content\/uploads\/2025\/09\/CORREO-ELECTRONICO-1.png 780w, https:\/\/contextopublico.cl\/inicio\/wp-content\/uploads\/2025\/09\/CORREO-ELECTRONICO-1.png 360w\" sizes=\"auto, (max-width: 480px) 150px\" src=\"https:\/\/contextopublico.cl\/inicio\/wp-content\/uploads\/2025\/09\/CORREO-ELECTRONICO-1.png\" alt=\"\" class=\"uag-image-1781\" width=\"139\" height=\"138\" title=\"CORREO ELECTRONICO\" loading=\"lazy\" role=\"img\"\/><\/a><\/figure><\/div>\n<\/div>\n<\/div>\n<\/div>\n\n\n\n<div class=\"wp-block-uagb-container uagb-block-beef04c1\"><\/div>\n<\/div>\n\n\n\n<p><\/p>\n","protected":false},"excerpt":{"rendered":"<p>Ac\u00e1, en Contexto P\u00fablico no hacemos consultor\u00eda en serie ni entregamos recetas gen\u00e9ricas. Nuestro trabajo es interpretar lo que ocurre bajo la superficie: c\u00f3mo se mueven los actores, qu\u00e9 tensiones sociales pueden escalar, a cu\u00e1les variables tomar atenci\u00f3n, y de qu\u00e9 manera esos cambios impactan en tus decisiones. El entorno ya no es estable ni [&hellip;]<\/p>\n","protected":false},"author":1,"featured_media":0,"parent":0,"menu_order":0,"comment_status":"closed","ping_status":"closed","template":"","meta":{"_uag_custom_page_level_css":"","footnotes":""},"class_list":["post-1754","page","type-page","status-publish","hentry"],"uagb_featured_image_src":{"full":false,"thumbnail":false,"medium":false,"medium_large":false,"large":false,"1536x1536":false,"2048x2048":false},"uagb_author_info":{"display_name":"admin","author_link":"https:\/\/contextopublico.cl\/inicio\/?author=1"},"uagb_comment_info":0,"uagb_excerpt":"Ac\u00e1, en Contexto P\u00fablico no hacemos consultor\u00eda en serie ni entregamos recetas gen\u00e9ricas. Nuestro trabajo es interpretar lo que ocurre bajo la superficie: c\u00f3mo se mueven los actores, qu\u00e9 tensiones sociales pueden escalar, a cu\u00e1les variables tomar atenci\u00f3n, y de qu\u00e9 manera esos cambios impactan en tus decisiones. El entorno ya no es estable ni&hellip;","_links":{"self":[{"href":"https:\/\/contextopublico.cl\/inicio\/index.php?rest_route=\/wp\/v2\/pages\/1754","targetHints":{"allow":["GET"]}}],"collection":[{"href":"https:\/\/contextopublico.cl\/inicio\/index.php?rest_route=\/wp\/v2\/pages"}],"about":[{"href":"https:\/\/contextopublico.cl\/inicio\/index.php?rest_route=\/wp\/v2\/types\/page"}],"author":[{"embeddable":true,"href":"https:\/\/contextopublico.cl\/inicio\/index.php?rest_route=\/wp\/v2\/users\/1"}],"replies":[{"embeddable":true,"href":"https:\/\/contextopublico.cl\/inicio\/index.php?rest_route=%2Fwp%2Fv2%2Fcomments&post=1754"}],"version-history":[{"count":39,"href":"https:\/\/contextopublico.cl\/inicio\/index.php?rest_route=\/wp\/v2\/pages\/1754\/revisions"}],"predecessor-version":[{"id":1820,"href":"https:\/\/contextopublico.cl\/inicio\/index.php?rest_route=\/wp\/v2\/pages\/1754\/revisions\/1820"}],"wp:attachment":[{"href":"https:\/\/contextopublico.cl\/inicio\/index.php?rest_route=%2Fwp%2Fv2%2Fmedia&parent=1754"}],"curies":[{"name":"wp","href":"https:\/\/api.w.org\/{rel}","templated":true}]}}